{"id":684,"date":"2019-04-05T10:29:13","date_gmt":"2019-04-05T10:29:13","guid":{"rendered":"https:\/\/criscatering3636.live-website.com\/celebracions\/"},"modified":"2020-01-10T09:03:56","modified_gmt":"2020-01-10T09:03:56","slug":"celebraciones","status":"publish","type":"page","link":"https:\/\/criscatering.com\/es\/celebraciones\/","title":{"rendered":"CELEBRACIONES"},"content":{"rendered":"[vc_row css=\u00bb.vc_custom_1554819225691{margin-top: 0px !important;margin-right: 0px !important;margin-left: 0px !important;padding-top: 0px !important;padding-right: 0px !important;padding-left: 0px !important;}\u00bb][vc_column css=\u00bb.vc_custom_1554819232438{margin-top: 0px !important;margin-right: 0px !important;margin-left: 0px !important;padding-top: 0px !important;padding-right: 0px !important;padding-left: 0px !important;}\u00bb]\n<div id=\"rev_slider_3_1_wrapper\" class=\"rev_slider_wrapper fullwidthbanner-container\" data-source=\"gallery\" style=\"margin:0px auto;background:transparent;padding:0px;margin-top:0px;margin-bottom:0px;\">\n<!-- START REVOLUTION SLIDER 5.4.8.3 fullwidth mode -->\n\t<div id=\"rev_slider_3_1\" class=\"rev_slider fullwidthabanner\" style=\"display:none;\" data-version=\"5.4.8.3\">\n<ul>\t<!-- SLIDE  -->\n\t<li data-index=\"rs-89\" data-transition=\"fade\" data-slotamount=\"default\" data-hideafterloop=\"0\" data-hideslideonmobile=\"off\"  data-easein=\"default\" data-easeout=\"default\" data-masterspeed=\"300\"  data-thumb=\"https:\/\/criscatering.com\/wp-content\/uploads\/2019\/06\/portada-youtube-100x50.jpg\"  data-rotate=\"0\"  data-saveperformance=\"off\"  data-title=\"Slide\" data-param1=\"\" data-param2=\"\" data-param3=\"\" data-param4=\"\" data-param5=\"\" data-param6=\"\" data-param7=\"\" data-param8=\"\" data-param9=\"\" data-param10=\"\" data-description=\"\">\n\t\t<!-- MAIN IMAGE -->\n\t\t<img loading=\"lazy\" decoding=\"async\" src=\"https:\/\/criscatering.com\/wp-content\/uploads\/2019\/06\/portada-youtube.jpg\"  alt=\"\" title=\"portada-youtube\"  width=\"2000\" height=\"829\" data-bgposition=\"center center\" data-bgfit=\"cover\" class=\"rev-slidebg\" data-no-retina>\n\t\t<!-- LAYERS -->\n\n\t\t<!-- BACKGROUND VIDEO LAYER -->\n\t\t<div class=\"rs-background-video-layer\" \n\t\t\tdata-forcerewind=\"on\" \n\t\t\tdata-volume=\"mute\" \n\t\t\tdata-ytid=\"fkGMtN5Wjlk\" \n\t\t\tdata-videoattributes=\"version=3&amp;enablejsapi=1&amp;html5=1&amp;hd=1&wmode=opaque&showinfo=0&rel=0;;origin=https:\/\/criscatering.com;\" \n\t\t\tdata-videorate=\"1\" \n\t\t\tdata-videowidth=\"100%\" \n\t\t\tdata-videoheight=\"100%\" \n\t\t\tdata-videocontrols=\"none\" \n\t\t\tdata-videoloop=\"none\" \n\t\t\tdata-forceCover=\"1\" \n\t\t\tdata-aspectratio=\"16:9\" \n\t\t\tdata-autoplay=\"true\" \n\t\t\tdata-autoplayonlyfirsttime=\"false\" \n><\/div>\t<\/li>\n<\/ul>\n<div class=\"tp-bannertimer tp-bottom\" style=\"visibility: hidden !important;\"><\/div>\t<\/div>\n<script>var htmlDiv = document.getElementById(\"rs-plugin-settings-inline-css\"); var htmlDivCss=\"\";\r\n\t\t\t\tif(htmlDiv) {\r\n\t\t\t\t\thtmlDiv.innerHTML = htmlDiv.innerHTML + htmlDivCss;\r\n\t\t\t\t}else{\r\n\t\t\t\t\tvar htmlDiv = document.createElement(\"div\");\r\n\t\t\t\t\thtmlDiv.innerHTML = \"<style>\" + htmlDivCss + \"<\/style>\";\r\n\t\t\t\t\tdocument.getElementsByTagName(\"head\")[0].appendChild(htmlDiv.childNodes[0]);\r\n\t\t\t\t}\r\n\t\t\t<\/script>\n\t\t<script type=\"text\/javascript\">\r\nif (setREVStartSize!==undefined) setREVStartSize(\r\n\t{c: '#rev_slider_3_1', responsiveLevels: [1240,1024,778,480], gridwidth: [1240,1024,778,480], gridheight: [568,468,360,520], sliderLayout: 'fullwidth'});\r\n\t\t\t\r\nvar revapi3,\r\n\ttpj;\t\r\n(function() {\t\t\t\r\n\tif (!\/loaded|interactive|complete\/.test(document.readyState)) document.addEventListener(\"DOMContentLoaded\",onLoad); else onLoad();\t\r\n\tfunction onLoad() {\t\t\t\t\r\n\t\tif (tpj===undefined) { tpj = jQuery; if(\"off\" == \"on\") tpj.noConflict();}\r\n\tif(tpj(\"#rev_slider_3_1\").revolution == undefined){\n\t\trevslider_showDoubleJqueryError(\"#rev_slider_3_1\");\n\t}else{\n\t\trevapi3 = tpj(\"#rev_slider_3_1\").show().revolution({\n\t\t\tsliderType:\"standard\",\n\t\t\tjsFileLocation:\"\/\/criscatering.com\/wp-content\/plugins\/revslider\/public\/assets\/js\/\",\n\t\t\tsliderLayout:\"fullwidth\",\n\t\t\tdottedOverlay:\"none\",\n\t\t\tdelay:2000,\n\t\t\tnavigation: {\n\t\t\t\tonHoverStop:\"off\",\n\t\t\t},\n\t\t\tresponsiveLevels:[1240,1024,778,480],\n\t\t\tvisibilityLevels:[1240,1024,778,480],\n\t\t\tgridwidth:[1240,1024,778,480],\n\t\t\tgridheight:[568,468,360,520],\n\t\t\tlazyType:\"none\",\n\t\t\tshadow:0,\n\t\t\tspinner:\"spinner0\",\n\t\t\tstopLoop:\"off\",\n\t\t\tstopAfterLoops:-1,\n\t\t\tstopAtSlide:-1,\n\t\t\tshuffle:\"off\",\n\t\t\tautoHeight:\"off\",\n\t\t\tdisableProgressBar:\"on\",\n\t\t\thideThumbsOnMobile:\"off\",\n\t\t\thideSliderAtLimit:0,\n\t\t\thideCaptionAtLimit:0,\n\t\t\thideAllCaptionAtLilmit:0,\n\t\t\tdebugMode:false,\n\t\t\tfallbacks: {\n\t\t\t\tsimplifyAll:\"off\",\n\t\t\t\tnextSlideOnWindowFocus:\"off\",\n\t\t\t\tdisableFocusListener:false,\n\t\t\t}\n\t\t});\n\t}; \/* END OF revapi call *\/\n\t\n }; \/* END OF ON LOAD FUNCTION *\/\r\n}()); \/* END OF WRAPPING FUNCTION *\/\r\n<\/script>\r\n\t\t<\/div><!-- END REVOLUTION SLIDER -->[\/vc_column][\/vc_row][vc_row][vc_column width=\u00bb1\/6&#8243;][\/vc_column][vc_column width=\u00bb2\/3&#8243;]<div class=\"ult-spacer spacer-6a05e430642f8\" data-id=\"6a05e430642f8\" data-height=\"70\" data-height-mobile=\"70\" data-height-tab=\"70\" data-height-tab-portrait=\"\" data-height-mobile-landscape=\"\" style=\"clear:both;display:block;\"><\/div><div id=\"ultimate-heading-34586a05e4306432d\" class=\"uvc-heading ult-adjust-bottom-margin ultimate-heading-34586a05e4306432d uvc-6681 \" data-hspacer=\"no_spacer\"  data-halign=\"center\" style=\"text-align:center\"><div class=\"uvc-heading-spacer no_spacer\" style=\"top\"><\/div><div class=\"uvc-main-heading ult-responsive\"  data-ultimate-target='.uvc-heading.ultimate-heading-34586a05e4306432d h2'  data-responsive-json-new='{\"font-size\":\"desktop:26px;\",\"line-height\":\"desktop:42px;\"}' ><h2 style=\"font-family:&#039;Playfair Display&#039;;font-style:italic;font-weight:normal;color:#0a0a0a;margin-bottom:19px;\">Catering para celebraciones particulares<\/h2><\/div><\/div>[vc_column_text]\n<p style=\"text-align: center;\"><strong>El men\u00fa m\u00e1s adecuado para cada celebraci\u00f3n<\/strong><\/p>\n<p style=\"text-align: center;\">Personalizamos vuestras celebraciones y nos ocupamos de que vuestra velada sea especial, ya sean comidas familiares, fiestas de cumplea\u00f1os, reuniones de grupo, bautizos, comuniones, etc.<\/p>\n[\/vc_column_text][vc_single_image image=\u00bb164&#8243; alignment=\u00bbcenter\u00bb]<div class=\"ult-spacer spacer-6a05e43064368\" data-id=\"6a05e43064368\" data-height=\"42\" data-height-mobile=\"42\" data-height-tab=\"42\" data-height-tab-portrait=\"\" data-height-mobile-landscape=\"\" style=\"clear:both;display:block;\"><\/div>[\/vc_column][vc_column width=\u00bb1\/6&#8243;][\/vc_column][\/vc_row][vc_row][vc_column width=\u00bb1\/6&#8243;][\/vc_column][vc_column width=\u00bb2\/3&#8243;][vc_media_grid element_width=\u00bb3&#8243; grid_id=\u00bbvc_gid:1559044425814-f445799a-246c-2&#8243; include=\u00bb895,893,891,889,887,885,883,933&#8243;]<div class=\"ult-spacer spacer-6a05e4306437e\" data-id=\"6a05e4306437e\" data-height=\"65\" data-height-mobile=\"65\" data-height-tab=\"65\" data-height-tab-portrait=\"\" data-height-mobile-landscape=\"\" style=\"clear:both;display:block;\"><\/div>[\/vc_column][vc_column width=\u00bb1\/6&#8243;][\/vc_column][\/vc_row][vc_row full_width=\u00bbstretch_row\u00bb gap=\u00bb35&#8243; bg_type=\u00bbimage\u00bb parallax_style=\u00bbvcpb-default\u00bb bg_image_new=\u00bbid^81|url^https:\/\/criscatering.com\/wp-content\/uploads\/2019\/03\/graidentbck002.png|caption^null|alt^null|title^graidentbck002|description^null\u00bb bg_image_repeat=\u00bbno-repeat\u00bb bg_image_posiiton=\u00bb0% 60%\u00bb][vc_column width=\u00bb1\/12&#8243;][\/vc_column][vc_column width=\u00bb5\/12&#8243;]<div class=\"ult-spacer spacer-6a05e43064392\" data-id=\"6a05e43064392\" data-height=\"70\" data-height-mobile=\"70\" data-height-tab=\"70\" data-height-tab-portrait=\"\" data-height-mobile-landscape=\"\" style=\"clear:both;display:block;\"><\/div><div id=\"ultimate-heading-78476a05e430643ad\" class=\"uvc-heading ult-adjust-bottom-margin ultimate-heading-78476a05e430643ad uvc-9320 \" data-hspacer=\"no_spacer\"  data-halign=\"center\" style=\"text-align:center\"><div class=\"uvc-heading-spacer no_spacer\" style=\"top\"><\/div><div class=\"uvc-main-heading ult-responsive\"  data-ultimate-target='.uvc-heading.ultimate-heading-78476a05e430643ad h2'  data-responsive-json-new='{\"font-size\":\"desktop:31px;\",\"line-height\":\"desktop:42px;\"}' ><h2 style=\"font-family:&#039;Playfair Display&#039;;font-style:italic;font-weight:normal;color:#0a0a0a;margin-bottom:21px;\">\u00bfTienes el sitio? Te lo llevamos<\/h2><\/div><div class=\"uvc-sub-heading ult-responsive\"  data-ultimate-target='.uvc-heading.ultimate-heading-78476a05e430643ad .uvc-sub-heading '  data-responsive-json-new='{\"font-size\":\"\",\"line-height\":\"desktop:27px;\"}'  style=\"font-weight:normal;\">Sorprende a tus invitados con una cocina elaborada con producto fresco, que conserva todo su sabor y una presentaci\u00f3n cuidada y muy original. All\u00e1 donde quieras.<\/div><\/div><div class=\"ult-spacer spacer-6a05e430643cf\" data-id=\"6a05e430643cf\" data-height=\"50\" data-height-mobile=\"50\" data-height-tab=\"50\" data-height-tab-portrait=\"\" data-height-mobile-landscape=\"\" style=\"clear:both;display:block;\"><\/div><div class=\" ubtn-ctn-center \"><a class=\"ubtn-link ult-adjust-bottom-margin ubtn-center ubtn-custom \" href=\"https:\/\/criscatering3636.live-website.com\/es\/contacte\/\" title=\"CONTACTE\" target=\"_blank\" rel=\"noopener\" ><button type=\"button\" id=\"ubtn-3014\"  class=\"ubtn ult-adjust-bottom-margin ult-responsive ubtn-custom ubtn-fade-bg  none  ubtn-center   tooltip-6a05e430643f3\"  data-hover=\"#ffffff\" data-border-color=\"\" data-bg=\"#d1bca8\" data-hover-bg=\"#0a0a0a\" data-border-hover=\"\" data-shadow-hover=\"\" data-shadow-click=\"none\" data-shadow=\"\" data-shd-shadow=\"\"  data-ultimate-target='#ubtn-3014'  data-responsive-json-new='{\"font-size\":\"desktop:16px;\",\"line-height\":\"\"}'  style=\"font-weight:normal;width:280px;min-height:45px;padding:px px;border:none;background: #d1bca8;color: #000000;\"><span class=\"ubtn-hover\" style=\"background-color:#0a0a0a\"><\/span><span class=\"ubtn-data ubtn-text \" >m\u00e1s informaci\u00f3n<\/span><\/button><\/a><\/div>[\/vc_column][vc_column width=\u00bb5\/12&#8243;]<div class=\"ult-spacer spacer-6a05e4306442e\" data-id=\"6a05e4306442e\" data-height=\"70\" data-height-mobile=\"70\" data-height-tab=\"70\" data-height-tab-portrait=\"\" data-height-mobile-landscape=\"\" style=\"clear:both;display:block;\"><\/div><div id=\"ultimate-heading-91716a05e4306444b\" class=\"uvc-heading ult-adjust-bottom-margin ultimate-heading-91716a05e4306444b uvc-9075 \" data-hspacer=\"no_spacer\"  data-halign=\"center\" style=\"text-align:center\"><div class=\"uvc-heading-spacer no_spacer\" style=\"top\"><\/div><div class=\"uvc-main-heading ult-responsive\"  data-ultimate-target='.uvc-heading.ultimate-heading-91716a05e4306444b h2'  data-responsive-json-new='{\"font-size\":\"desktop:31px;\",\"line-height\":\"desktop:42px;\"}' ><h2 style=\"font-family:&#039;Playfair Display&#039;;font-style:italic;font-weight:normal;color:#0a0a0a;margin-bottom:21px;\">\u00bfNecesitas el espacio?<\/h2><\/div><div class=\"uvc-sub-heading ult-responsive\"  data-ultimate-target='.uvc-heading.ultimate-heading-91716a05e4306444b .uvc-sub-heading '  data-responsive-json-new='{\"font-size\":\"\",\"line-height\":\"desktop:27px;\"}'  style=\"font-weight:normal;\">Te proponemos una gran variedad de espacios diferentes y originales donde celebrar tus eventos, siempre con una cuidada decoraci\u00f3n personalizada.<\/div><\/div><div class=\"ult-spacer spacer-6a05e4306446b\" data-id=\"6a05e4306446b\" data-height=\"50\" data-height-mobile=\"50\" data-height-tab=\"50\" data-height-tab-portrait=\"\" data-height-mobile-landscape=\"\" style=\"clear:both;display:block;\"><\/div><div class=\" ubtn-ctn-center \"><a class=\"ubtn-link ult-adjust-bottom-margin ubtn-center ubtn-custom \" href=\"mailto:info@criscatering.com?subject=Quiero m\u00e1s informaci\u00f3n sobre nuestros espacios\" target=\"_blank\" rel=\"noopener\" ><button type=\"button\" id=\"ubtn-3531\"  class=\"ubtn ult-adjust-bottom-margin ult-responsive ubtn-custom ubtn-fade-bg  none  ubtn-center   tooltip-6a05e43064484\"  data-hover=\"#ffffff\" data-border-color=\"\" data-bg=\"#d1bca8\" data-hover-bg=\"#0a0a0a\" data-border-hover=\"\" data-shadow-hover=\"\" data-shadow-click=\"none\" data-shadow=\"\" data-shd-shadow=\"\"  data-ultimate-target='#ubtn-3531'  data-responsive-json-new='{\"font-size\":\"desktop:16px;\",\"line-height\":\"\"}'  style=\"font-weight:normal;width:280px;min-height:45px;padding:px px;border:none;background: #d1bca8;color: #000000;\"><span class=\"ubtn-hover\" style=\"background-color:#0a0a0a\"><\/span><span class=\"ubtn-data ubtn-text \" >nuestros espacios<\/span><\/button><\/a><\/div>[\/vc_column][vc_column width=\u00bb1\/12&#8243;][\/vc_column][vc_column]<div class=\"ult-spacer spacer-6a05e430644ab\" data-id=\"6a05e430644ab\" data-height=\"40\" data-height-mobile=\"40\" data-height-tab=\"40\" data-height-tab-portrait=\"\" data-height-mobile-landscape=\"\" style=\"clear:both;display:block;\"><\/div>[\/vc_column][\/vc_row][vc_row full_width=\u00bbstretch_row\u00bb bg_type=\u00bbimage\u00bb parallax_style=\u00bbvcpb-vz-jquery\u00bb bg_image_new=\u00bbid^590|url^https:\/\/criscatering.com\/wp-content\/uploads\/2019\/04\/cuina02.jpg|caption^null|alt^null|title^cuina02|description^null\u00bb bg_image_repeat=\u00bbno-repeat\u00bb][vc_column width=\u00bb1\/4&#8243;][\/vc_column][vc_column width=\u00bb1\/2&#8243;]<div class=\"ult-spacer spacer-6a05e430644bc\" data-id=\"6a05e430644bc\" data-height=\"55\" data-height-mobile=\"55\" data-height-tab=\"55\" data-height-tab-portrait=\"\" data-height-mobile-landscape=\"\" style=\"clear:both;display:block;\"><\/div><div id=\"ultimate-heading-78006a05e430644d2\" class=\"uvc-heading ult-adjust-bottom-margin ultimate-heading-78006a05e430644d2 uvc-7698 \" data-hspacer=\"no_spacer\"  data-halign=\"center\" style=\"text-align:center\"><div class=\"uvc-heading-spacer no_spacer\" style=\"top\"><\/div><div class=\"uvc-main-heading ult-responsive\"  data-ultimate-target='.uvc-heading.ultimate-heading-78006a05e430644d2 h2'  data-responsive-json-new='{\"font-size\":\"desktop:30px;\",\"line-height\":\"\"}' ><h2 style=\"font-family:&#039;Playfair Display&#039;;font-style:italic;font-weight:normal;color:#0a0a0a;margin-bottom:15px;\">Nuestra cocina<\/h2><\/div><\/div>[vc_column_text]\n<p style=\"text-align: center;\">Criscatering ofrece a sus clientes todo tipo de servicios de catering profesional para bodas, celebraciones particulares y eventos de empresas.<\/p>\n<p style=\"text-align: center;\">Disponemos de una amplia variedad de espacios donde se pueden celebrar vuestras celebraciones y todo tipo de eventos, especialmente en\u00a0Girona, l\u2019Empord\u00e0, la Garrotxa, Osona, Maresme y toda Catalu\u00f1a. Desde espacios y ambientes en entornos naturales hasta los m\u00e1s \u00edntimos Chill Out.<\/p>\n[\/vc_column_text]<div class=\" ubtn-ctn-center \"><a class=\"ubtn-link ult-adjust-bottom-margin ubtn-center ubtn-custom \" href=\"https:\/\/criscatering3636.live-website.com\/es\/la-nostra-cuina\/\" title=\"Veure m\u00e9s\" target=\"_blank\" rel=\"noopener\" ><button type=\"button\" id=\"ubtn-9903\"  class=\"ubtn ult-adjust-bottom-margin ult-responsive ubtn-custom ubtn-fade-bg  none  ubtn-center   tooltip-6a05e430644f5\"  data-hover=\"#ffffff\" data-border-color=\"\" data-bg=\"#d1bca8\" data-hover-bg=\"#0a0a0a\" data-border-hover=\"\" data-shadow-hover=\"\" data-shadow-click=\"none\" data-shadow=\"\" data-shd-shadow=\"\"  data-ultimate-target='#ubtn-9903'  data-responsive-json-new='{\"font-size\":\"desktop:16px;\",\"line-height\":\"\"}'  style=\"font-weight:normal;width:280px;min-height:45px;padding:px px;border:none;background: #d1bca8;color: #000000;\"><span class=\"ubtn-hover\" style=\"background-color:#0a0a0a\"><\/span><span class=\"ubtn-data ubtn-text \" >ver m\u00e1s<\/span><\/button><\/a><\/div><div class=\"ult-spacer spacer-6a05e4306451b\" data-id=\"6a05e4306451b\" data-height=\"55\" data-height-mobile=\"55\" data-height-tab=\"55\" data-height-tab-portrait=\"\" data-height-mobile-landscape=\"\" style=\"clear:both;display:block;\"><\/div>[\/vc_column][vc_column width=\u00bb1\/4&#8243;][\/vc_column][\/vc_row][vc_row][vc_column width=\u00bb1\/6&#8243;][\/vc_column][vc_column width=\u00bb2\/3&#8243;]<div class=\"ult-spacer spacer-6a05e4306452b\" data-id=\"6a05e4306452b\" data-height=\"50\" data-height-mobile=\"50\" data-height-tab=\"50\" data-height-tab-portrait=\"\" data-height-mobile-landscape=\"\" style=\"clear:both;display:block;\"><\/div>[vc_single_image image=\u00bb703&#8243; img_size=\u00bbfull\u00bb alignment=\u00bbcenter\u00bb css_animation=\u00bbfadeIn\u00bb css=\u00bb.vc_custom_1557309154991{margin-bottom: 0px !important;padding-bottom: 0px !important;}\u00bb][vc_separator color=\u00bbblack\u00bb border_width=\u00bb2&#8243; el_width=\u00bb10&#8243; css=\u00bb.vc_custom_1554890196054{margin-top: 0px !important;margin-bottom: 0px !important;padding-top: 0px !important;padding-bottom: 0px !important;}\u00bb][vc_basic_grid post_type=\u00bbtestimonials\u00bb max_items=\u00bb-1&#8243; style=\u00bbpagination\u00bb items_per_page=\u00bb1&#8243; element_width=\u00bb12&#8243; item=\u00bb351&#8243; grid_id=\u00bbvc_gid:1559044425824-7a72896e-d956-6&#8243;]<div class=\"ult-spacer spacer-6a05e4306453d\" data-id=\"6a05e4306453d\" data-height=\"50\" data-height-mobile=\"50\" data-height-tab=\"50\" data-height-tab-portrait=\"\" data-height-mobile-landscape=\"\" style=\"clear:both;display:block;\"><\/div>[\/vc_column][vc_column width=\u00bb1\/6&#8243;][\/vc_column][\/vc_row][vc_row][vc_column][vc_column_text]\n[\/vc_column_text][\/vc_column][\/vc_row]\n","protected":false},"excerpt":{"rendered":"<p>[vc_row css=\u00bb.vc_custom_1554819225691{margin-top: 0px !important;margin-right: 0px !important;margin-left: 0px !important;padding-top: 0px !important;padding-right: 0px !important;padding-left: 0px !important;}\u00bb][vc_column css=\u00bb.vc_custom_1554819232438{margin-top: 0px !important;margin-right: 0px !important;margin-left: 0px !important;padding-top: 0px !important;padding-right: 0px !important;padding-left: 0px !important;}\u00bb][\/vc_column][\/vc_row][vc_row][vc_column width=\u00bb1\/6&#8243;][\/vc_column][vc_column width=\u00bb2\/3&#8243;][vc_column_text] El men\u00fa m\u00e1s adecuado para cada celebraci\u00f3n Personalizamos vuestras celebraciones y nos ocupamos de que vuestra velada sea especial, ya sean comidas familiares, fiestas de cumplea\u00f1os, reuniones de grupo, bautizos, comuniones, etc. [\/vc_column_text][vc_single_image image=\u00bb164&#8243; alignment=\u00bbcenter\u00bb][\/vc_column][vc_column width=\u00bb1\/6&#8243;][\/vc_column][\/vc_row][vc_row][vc_column width=\u00bb1\/6&#8243;][\/vc_column][vc_column width=\u00bb2\/3&#8243;][vc_media_grid element_width=\u00bb3&#8243; grid_id=\u00bbvc_gid:1559044425814-f445799a-246c-2&#8243; include=\u00bb895,893,891,889,887,885,883,933&#8243;][\/vc_column][vc_column width=\u00bb1\/6&#8243;][\/vc_column][\/vc_row][vc_row full_width=\u00bbstretch_row\u00bb gap=\u00bb35&#8243; bg_type=\u00bbimage\u00bb parallax_style=\u00bbvcpb-default\u00bb bg_image_new=\u00bbid^81|url^https:\/\/criscatering.com\/wp-content\/uploads\/2019\/03\/graidentbck002.png|caption^null|alt^null|title^graidentbck002|description^null\u00bb bg_image_repeat=\u00bbno-repeat\u00bb bg_image_posiiton=\u00bb0% 60%\u00bb][vc_column width=\u00bb1\/12&#8243;][\/vc_column][vc_column width=\u00bb5\/12&#8243;][\/vc_column][vc_column width=\u00bb5\/12&#8243;][\/vc_column][vc_column width=\u00bb1\/12&#8243;][\/vc_column][vc_column][\/vc_column][\/vc_row][vc_row full_width=\u00bbstretch_row\u00bb bg_type=\u00bbimage\u00bb parallax_style=\u00bbvcpb-vz-jquery\u00bb bg_image_new=\u00bbid^590|url^https:\/\/criscatering.com\/wp-content\/uploads\/2019\/04\/cuina02.jpg|caption^null|alt^null|title^cuina02|description^null\u00bb bg_image_repeat=\u00bbno-repeat\u00bb][vc_column width=\u00bb1\/4&#8243;][\/vc_column][vc_column width=\u00bb1\/2&#8243;][vc_column_text] Criscatering ofrece a sus clientes todo tipo de servicios de catering profesional para bodas, celebraciones particulares y eventos de empresas. Disponemos de una amplia variedad de espacios donde se pueden celebrar vuestras celebraciones y todo tipo de eventos, especialmente en\u00a0Girona, l\u2019Empord\u00e0, la Garrotxa, Osona, Maresme y toda Catalu\u00f1a. Desde espacios y ambientes en entornos naturales hasta los m\u00e1s \u00edntimos Chill Out. [\/vc_column_text][\/vc_column][vc_column width=\u00bb1\/4&#8243;][\/vc_column][\/vc_row][vc_row][vc_column width=\u00bb1\/6&#8243;][\/vc_column][vc_column width=\u00bb2\/3&#8243;][vc_single_image image=\u00bb703&#8243; img_size=\u00bbfull\u00bb alignment=\u00bbcenter\u00bb css_animation=\u00bbfadeIn\u00bb css=\u00bb.vc_custom_1557309154991{margin-bottom: 0px !important;padding-bottom: 0px !important;}\u00bb][vc_separator color=\u00bbblack\u00bb border_width=\u00bb2&#8243; el_width=\u00bb10&#8243; css=\u00bb.vc_custom_1554890196054{margin-top: 0px !important;margin-bottom: 0px !important;padding-top: 0px !important;padding-bottom: 0px !important;}\u00bb][vc_basic_grid post_type=\u00bbtestimonials\u00bb max_items=\u00bb-1&#8243; style=\u00bbpagination\u00bb items_per_page=\u00bb1&#8243; element_width=\u00bb12&#8243; item=\u00bb351&#8243; grid_id=\u00bbvc_gid:1559044425824-7a72896e-d956-6&#8243;][\/vc_column][vc_column width=\u00bb1\/6&#8243;][\/vc_column][\/vc_row][vc_row][vc_column][vc_column_text] [\/vc_column_text][\/vc_column][\/vc_row]<\/p>\n","protected":false},"author":1,"featured_media":0,"parent":0,"menu_order":0,"comment_status":"closed","ping_status":"closed","template":"","meta":{"footnotes":""},"class_list":["post-684","page","type-page","status-publish","hentry","entry","post-inner"],"_links":{"self":[{"href":"https:\/\/criscatering.com\/es\/wp-json\/wp\/v2\/pages\/684","targetHints":{"allow":["GET"]}}],"collection":[{"href":"https:\/\/criscatering.com\/es\/wp-json\/wp\/v2\/pages"}],"about":[{"href":"https:\/\/criscatering.com\/es\/wp-json\/wp\/v2\/types\/page"}],"author":[{"embeddable":true,"href":"https:\/\/criscatering.com\/es\/wp-json\/wp\/v2\/users\/1"}],"replies":[{"embeddable":true,"href":"https:\/\/criscatering.com\/es\/wp-json\/wp\/v2\/comments?post=684"}],"version-history":[{"count":9,"href":"https:\/\/criscatering.com\/es\/wp-json\/wp\/v2\/pages\/684\/revisions"}],"predecessor-version":[{"id":979,"href":"https:\/\/criscatering.com\/es\/wp-json\/wp\/v2\/pages\/684\/revisions\/979"}],"wp:attachment":[{"href":"https:\/\/criscatering.com\/es\/wp-json\/wp\/v2\/media?parent=684"}],"curies":[{"name":"wp","href":"https:\/\/api.w.org\/{rel}","templated":true}]}}