{"id":958,"date":"2019-05-27T10:14:23","date_gmt":"2019-05-27T10:14:23","guid":{"rendered":"https:\/\/criscatering3636.live-website.com\/avis-legal\/"},"modified":"2020-01-10T09:01:19","modified_gmt":"2020-01-10T09:01:19","slug":"politica-de-privacitat","status":"publish","type":"page","link":"https:\/\/criscatering.com\/es\/politica-de-privacitat\/","title":{"rendered":"Aviso legal"},"content":{"rendered":"[vc_row][vc_column][vc_empty_space height=\u00bb150px\u00bb][vc_column_text]\n<p class=\"p1\"><span class=\"s1\"><b>INFORMACI\u00d3N GENERAL PARA CUMPLIR LA LEY 34\/2002<\/b><\/span><\/p>\n<p class=\"p1\"><span class=\"s1\"><b>Raz\u00f3n Social:<\/b>\u00a0<\/span><span class=\"s2\">CrisCatering SLU<\/span><\/p>\n<p class=\"p3\"><span class=\"s3\"><b>NIF:<\/b> B55064091<\/span><\/p>\n<p class=\"p1\"><span class=\"s1\"><b>Domicilio Social:<\/b> Carrer del Mol\u00ed, 30<\/span><\/p>\n<p class=\"p1\"><span class=\"s1\"><b>Localid<\/b><\/span><span class=\"s1\"><b>ad: <\/b>Sant Joan de les Fonts<\/span><\/p>\n<p class=\"p1\"><span class=\"s1\"><b>Provincia:<\/b> Girona<\/span><\/p>\n<p class=\"p1\"><span class=\"s1\"><b>C.P.:<\/b>17857<\/span><\/p>\n<p class=\"p1\"><span class=\"s1\"><b>Correo electr\u00f3nico: <\/b><a href=\"mailto:info@criscatering3636.live-website.com\">info@criscatering3636.live-website.com<\/a><\/span><\/p>\n<p class=\"p1\"><span class=\"s1\"><b>Propiedad intelectual e industrial<br \/>\n<\/b>Esta p\u00e1gina web es titularidad de <strong><span class=\"s2\">CrisCatering SLU<\/span><\/strong><\/span><span class=\"s1\"><strong>\u00a0<\/strong>qui\u00e9n ostenta todos los derechos necesarios para su uso y explotaci\u00f3n. El acceso en esta p\u00e1gina o la utilizaci\u00f3n de sus contenidos no implica, en ning\u00fan caso, la cesi\u00f3n o licencia de derechos de propiedad intelectual e industrial. Quedan prohibidas la reproducci\u00f3n, la transformaci\u00f3n, la distribuci\u00f3n, la comunicaci\u00f3n p\u00fablica y cualquier otra forma de explotaci\u00f3n, para cualquier procedimiento, de todos o parte de los contenidos y\/o elementos integrantes de esta p\u00e1gina, salvo que se indique expresamente el contrario. Todo aquel quien atente contra los derechos de propiedad intelectual o industrial de <strong><span class=\"s2\">CrisCatering SLU<\/span><\/strong><\/span><span class=\"s1\">\u00a0ser\u00e1 responsable ante los Tribunales competentes.<\/span><\/p>\n<p class=\"p1\"><span class=\"s1\"><b>Protecci\u00f3n de datos<br \/>\n<\/b>Cumpliendo con la Ley Org\u00e1nica 15\/1999, de 13 de diciembre, de Protecci\u00f3n de Datos de car\u00e1cter Personal, se informa que los datos de car\u00e1cter personal que se recogen a trav\u00e9s del web \u00fanicamente se utilizan a efectos de responder las consultas recibidas o de ofrecer los servicios solicitados. No se registran de manera permanente en ning\u00fan archivo de titularidad de <strong><span class=\"s2\">CrisCatering SLU<\/span><\/strong><\/span><span class=\"s2\">\u00a0<\/span><span class=\"s1\">sin una comunicaci\u00f3n o consentimiento previo del titular de los datos. En ning\u00fan caso <strong><span class=\"s2\">CrisCatering SLU<\/span><\/strong><\/span><span class=\"s2\"><b>\u00a0<\/b><\/span><span class=\"s1\">utilizar\u00e1 estos datos para la venta a terceras personas o empresas. Se entiende que el usuario acepta las condiciones establecidas<\/span><\/p>\n[\/vc_column_text][vc_empty_space height=\u00bb150px\u00bb][\/vc_column][\/vc_row]\n","protected":false},"excerpt":{"rendered":"<p>[vc_row][vc_column][vc_empty_space height=\u00bb150px\u00bb][vc_column_text] INFORMACI\u00d3N GENERAL PARA CUMPLIR LA LEY 34\/2002 Raz\u00f3n Social:\u00a0CrisCatering SLU NIF: B55064091 Domicilio Social: Carrer del Mol\u00ed, 30 Localidad: Sant Joan de les Fonts Provincia: Girona C.P.:17857 Correo electr\u00f3nico: info@criscatering3636.live-website.com Propiedad intelectual e industrial Esta p\u00e1gina web es titularidad de CrisCatering SLU\u00a0qui\u00e9n ostenta todos los derechos necesarios para su uso y explotaci\u00f3n. El acceso en esta p\u00e1gina o la utilizaci\u00f3n de sus contenidos no implica, en ning\u00fan caso, la cesi\u00f3n o licencia de derechos de propiedad intelectual e industrial. Quedan prohibidas la reproducci\u00f3n, la transformaci\u00f3n, la distribuci\u00f3n, la comunicaci\u00f3n p\u00fablica y cualquier otra forma de explotaci\u00f3n, para cualquier procedimiento, de todos o parte de los contenidos y\/o elementos integrantes de esta p\u00e1gina, salvo que se indique expresamente el contrario. Todo aquel quien atente contra los derechos de propiedad intelectual o industrial de CrisCatering SLU\u00a0ser\u00e1 responsable ante los Tribunales competentes. Protecci\u00f3n de datos Cumpliendo con la Ley Org\u00e1nica 15\/1999, de 13 de diciembre, de Protecci\u00f3n de Datos de car\u00e1cter Personal, se informa que los datos de car\u00e1cter personal que se recogen a trav\u00e9s del web \u00fanicamente se utilizan a efectos de responder las consultas recibidas o de ofrecer los servicios solicitados. No se registran de manera permanente en ning\u00fan archivo de titularidad de CrisCatering SLU\u00a0sin una comunicaci\u00f3n o consentimiento previo del titular de los datos. En ning\u00fan caso CrisCatering SLU\u00a0utilizar\u00e1 estos datos para la venta a terceras personas o empresas. Se entiende que el usuario acepta las condiciones establecidas [\/vc_column_text][vc_empty_space height=\u00bb150px\u00bb][\/vc_column][\/vc_row]<\/p>\n","protected":false},"author":1,"featured_media":0,"parent":0,"menu_order":0,"comment_status":"closed","ping_status":"closed","template":"","meta":{"footnotes":""},"class_list":["post-958","page","type-page","status-publish","hentry","entry","post-inner"],"_links":{"self":[{"href":"https:\/\/criscatering.com\/es\/wp-json\/wp\/v2\/pages\/958","targetHints":{"allow":["GET"]}}],"collection":[{"href":"https:\/\/criscatering.com\/es\/wp-json\/wp\/v2\/pages"}],"about":[{"href":"https:\/\/criscatering.com\/es\/wp-json\/wp\/v2\/types\/page"}],"author":[{"embeddable":true,"href":"https:\/\/criscatering.com\/es\/wp-json\/wp\/v2\/users\/1"}],"replies":[{"embeddable":true,"href":"https:\/\/criscatering.com\/es\/wp-json\/wp\/v2\/comments?post=958"}],"version-history":[{"count":4,"href":"https:\/\/criscatering.com\/es\/wp-json\/wp\/v2\/pages\/958\/revisions"}],"predecessor-version":[{"id":963,"href":"https:\/\/criscatering.com\/es\/wp-json\/wp\/v2\/pages\/958\/revisions\/963"}],"wp:attachment":[{"href":"https:\/\/criscatering.com\/es\/wp-json\/wp\/v2\/media?parent=958"}],"curies":[{"name":"wp","href":"https:\/\/api.w.org\/{rel}","templated":true}]}}